{"id":84,"date":"2019-02-24T12:02:14","date_gmt":"2019-02-24T11:02:14","guid":{"rendered":"http:\/\/localhost\/simpleS\/?page_id=84"},"modified":"2025-10-13T18:56:58","modified_gmt":"2025-10-13T17:56:58","slug":"propos","status":"publish","type":"page","link":"https:\/\/simplestu.com\/index.php\/propos\/","title":{"rendered":"\u00c0 propos"},"content":{"rendered":"\n<p><strong>Simple Studio<\/strong>, comme son nom l\u2019indique, simple, va \u00e0 l\u2019essentiel : cr\u00e9er des films d\u2019animation au style \u00e9pur\u00e9, porteurs de messages forts, inspirants et profond\u00e9ment divertissants.<\/p>\n\n\n\n<p>N\u00e9 sur un continent o\u00f9 chaque culture est un tr\u00e9sor, <strong>Simple Studio<\/strong> s\u2019est donn\u00e9 pour mission de faire rayonner l\u2019Afrique \u00e0 travers l\u2019animation. <\/p>\n\n\n\n<p>Notre d\u00e9fi ? Raconter nos histoires, nos r\u00eaves, nos racines\u2026 avec notre propre voix. Une voix sinc\u00e8re, visuelle, artistique destin\u00e9e \u00e0 toucher le c\u0153ur du monde.<\/p>\n\n\n\n<h2 class=\"wp-block-heading\">Fondateur<\/h2>\n\n\n<div class=\"wp-block-image is-style-rounded\">\n<figure class=\"alignleft size-large is-resized\"><img loading=\"lazy\" decoding=\"async\" width=\"300\" height=\"300\" src=\"https:\/\/simplestu.com\/wp-content\/uploads\/2021\/09\/moi02.png\" alt=\"\" class=\"wp-image-542\" style=\"width:150px;height:150px\" srcset=\"https:\/\/simplestu.com\/wp-content\/uploads\/2021\/09\/moi02.png 300w, https:\/\/simplestu.com\/wp-content\/uploads\/2021\/09\/moi02-150x150.png 150w\" sizes=\"auto, (max-width: 300px) 100vw, 300px\" \/><figcaption class=\"wp-element-caption\">MINTA Dramane<\/figcaption><\/figure><\/div>\n\n\n<p>C\u2019est en 1986, \u00e0 Bamako, au c\u0153ur d\u2019une ville \u00e0 la fois urbaine et chaleureuse, que na\u00eet <strong>Dramane Minta<\/strong>, futur artiste-r\u00e9alisateur autodidacte de films d\u2019animation 2D et 3D.<\/p>\n\n\n\n<p>Tr\u00e8s t\u00f4t, il se passionne pour le dessin, inspir\u00e9 par la l\u00e9gendaire s\u00e9rie <em>Dragon Ball Z<\/em>. Il passe des heures \u00e0 reproduire San Goku en Super Saiyan, r\u00eavant de cr\u00e9er, lui aussi, son propre super guerrier.<\/p>\n\n\n\n<p>Apr\u00e8s son baccalaur\u00e9at, Dramane se retrouve face \u00e0 une impasse : \u00e0 Bamako, il n\u2019existe ni \u00e9cole de manga, ni institut d\u00e9di\u00e9 \u00e0 l\u2019animation. Mais loin de se d\u00e9courager, il trace sa propre voie. Internet devient son \u00e9cole : il s\u2019y forme seul \u00e0 l\u2019animation 3D, tout en suivant des cours du soir en gestion informatique.<\/p>\n\n\n\n<p>En 2013, sa pers\u00e9v\u00e9rance porte ses fruits : il est admis au programme <strong>ACP 3D (Afrique, Cara\u00efbes, Pacifique)<\/strong>, financ\u00e9 par l\u2019Union Europ\u00e9enne et dispens\u00e9 \u00e0 l\u2019\u00e9cole IAM au S\u00e9n\u00e9gal \u2014 un tournant d\u00e9cisif.<\/p>\n\n\n\n<p>Depuis, Dramane Minta s\u2019impose comme une voix montante de l\u2019animation africaine. Son travail de r\u00e9alisateur a \u00e9t\u00e9 r\u00e9compens\u00e9 \u00e0 plusieurs reprises:<br>+ <strong>1er Prix de la s\u00e9rie anim\u00e9e au FESPACO 2023<\/strong><br>+ <strong>Prix du jury \u00e0 Vues d\u2019Afrique 2023 (Canada)<\/strong><br>+ <strong>Prix de la meilleure s\u00e9rie au Festival International Gbaka Animation \/ FIGA (Togo)<\/strong><br>+ <strong>Prix du public \u00e0 Vues d\u2019Afrique 2021 (Canada)<\/strong>.<\/p>\n\n\n\n<p>Dramane est \u00e9galement celui qui a r\u00e9alis\u00e9 et anim\u00e9 la c\u00e9l\u00e8bre comptine <strong><em>Coco laye laye<\/em><\/strong> qui totalise plus <strong>170 millions de vues <\/strong>sur <strong>YouTube<\/strong>.<\/p>\n\n\n\n<p>Un parcours inspirant, guid\u00e9 par la passion, l\u2019audace, et la volont\u00e9 de raconter le monde avec un regard venu d\u2019Afrique.<\/p>\n","protected":false},"excerpt":{"rendered":"<p>Simple Studio, comme son nom l\u2019indique, simple, va \u00e0 l\u2019essentiel : cr\u00e9er des films d\u2019animation au style \u00e9pur\u00e9, porteurs de messages forts, inspirants et profond\u00e9ment<\/p>\n","protected":false},"author":2,"featured_media":0,"parent":0,"menu_order":0,"comment_status":"closed","ping_status":"closed","template":"","meta":{"footnotes":""},"class_list":["post-84","page","type-page","status-publish","hentry"],"_links":{"self":[{"href":"https:\/\/simplestu.com\/index.php\/wp-json\/wp\/v2\/pages\/84","targetHints":{"allow":["GET"]}}],"collection":[{"href":"https:\/\/simplestu.com\/index.php\/wp-json\/wp\/v2\/pages"}],"about":[{"href":"https:\/\/simplestu.com\/index.php\/wp-json\/wp\/v2\/types\/page"}],"author":[{"embeddable":true,"href":"https:\/\/simplestu.com\/index.php\/wp-json\/wp\/v2\/users\/2"}],"replies":[{"embeddable":true,"href":"https:\/\/simplestu.com\/index.php\/wp-json\/wp\/v2\/comments?post=84"}],"version-history":[{"count":33,"href":"https:\/\/simplestu.com\/index.php\/wp-json\/wp\/v2\/pages\/84\/revisions"}],"predecessor-version":[{"id":634,"href":"https:\/\/simplestu.com\/index.php\/wp-json\/wp\/v2\/pages\/84\/revisions\/634"}],"wp:attachment":[{"href":"https:\/\/simplestu.com\/index.php\/wp-json\/wp\/v2\/media?parent=84"}],"curies":[{"name":"wp","href":"https:\/\/api.w.org\/{rel}","templated":true}]}}