{"id":82,"date":"2019-02-24T12:01:53","date_gmt":"2019-02-24T11:01:53","guid":{"rendered":"http:\/\/localhost\/simpleS\/?page_id=82"},"modified":"2021-09-13T17:40:19","modified_gmt":"2021-09-13T16:40:19","slug":"contact","status":"publish","type":"page","link":"https:\/\/simplestu.com\/index.php\/contact\/","title":{"rendered":"Contact"},"content":{"rendered":"<div class=\"elementareContactField\">\n<div class=\"elementareCompanyName\">\n<h3>Adresses<\/h3>\n<\/div>\n<div class=\"elementareCompanyAddress1\">\n<p>Dakar-S\u00e9n\u00e9gal, <span style=\"font-size: inherit;\">Cit\u00e9 Keur Gorgui, Dakar.<\/span><\/p>\n<\/div>\n<div class=\"elementareCompanyAddress2\">\n<p>T\u00e9l : +221 33 824 42 81<\/p>\n<\/div>\n<div class=\"elementareCompanyEmail\">\n<p>contact@simplestu.com<\/p>\n<\/div>\n<\/div>\n","protected":false},"excerpt":{"rendered":"<p>Adresses Dakar-S\u00e9n\u00e9gal, Cit\u00e9 Keur Gorgui, Dakar. T\u00e9l : +221 33 824 42 81 contact@simplestu.com<\/p>\n","protected":false},"author":2,"featured_media":0,"parent":0,"menu_order":0,"comment_status":"closed","ping_status":"closed","template":"","meta":{"footnotes":""},"class_list":["post-82","page","type-page","status-publish","hentry"],"_links":{"self":[{"href":"https:\/\/simplestu.com\/index.php\/wp-json\/wp\/v2\/pages\/82","targetHints":{"allow":["GET"]}}],"collection":[{"href":"https:\/\/simplestu.com\/index.php\/wp-json\/wp\/v2\/pages"}],"about":[{"href":"https:\/\/simplestu.com\/index.php\/wp-json\/wp\/v2\/types\/page"}],"author":[{"embeddable":true,"href":"https:\/\/simplestu.com\/index.php\/wp-json\/wp\/v2\/users\/2"}],"replies":[{"embeddable":true,"href":"https:\/\/simplestu.com\/index.php\/wp-json\/wp\/v2\/comments?post=82"}],"version-history":[{"count":8,"href":"https:\/\/simplestu.com\/index.php\/wp-json\/wp\/v2\/pages\/82\/revisions"}],"predecessor-version":[{"id":533,"href":"https:\/\/simplestu.com\/index.php\/wp-json\/wp\/v2\/pages\/82\/revisions\/533"}],"wp:attachment":[{"href":"https:\/\/simplestu.com\/index.php\/wp-json\/wp\/v2\/media?parent=82"}],"curies":[{"name":"wp","href":"https:\/\/api.w.org\/{rel}","templated":true}]}}