{"id":50,"date":"2019-02-24T11:11:11","date_gmt":"2019-02-24T10:11:11","guid":{"rendered":"http:\/\/localhost\/simpleS\/?page_id=50"},"modified":"2019-08-08T17:23:20","modified_gmt":"2019-08-08T15:23:20","slug":"design-graphique","status":"publish","type":"page","link":"https:\/\/simplestu.com\/index.php\/design-graphique\/","title":{"rendered":"Design graphique"},"content":{"rendered":"\n<p>Gr\u00e2ce \u00e0 notre sens du design et\u00a0de l\u2019esth\u00e9tique, nous vous proposons des supports qui r\u00e9pondent correctement\u00a0\u00e0 vos attentes. Des designs innovants qui captivent l\u2019attention partout o\u00f9 ils sont partag\u00e9s. <\/p>\n\n\n\n<p>  Notre coutume \u00e0 ce niveau est de syst\u00e9matiquement surprendre le public par la qualit\u00e9, l\u2019esth\u00e9tique et l\u2019innovation de nos supports. <\/p>\n\n\n\n<p>Avec Simple S l\u2019astuce n\u2019est pas de vous proposer notre vision, mais \u00e0 travers notre art de proposer de fa\u00e7on aussi simple votre univers au monde comme vous les imaginer. <\/p>\n\n\n\n<p><\/p>\n","protected":false},"excerpt":{"rendered":"<p>Gr\u00e2ce \u00e0 notre sens du design et\u00a0de l\u2019esth\u00e9tique, nous vous proposons des supports qui r\u00e9pondent correctement\u00a0\u00e0 vos attentes. Des designs innovants qui captivent l\u2019attention partout<\/p>\n","protected":false},"author":2,"featured_media":0,"parent":0,"menu_order":0,"comment_status":"closed","ping_status":"closed","template":"","meta":{"footnotes":""},"class_list":["post-50","page","type-page","status-publish","hentry"],"_links":{"self":[{"href":"https:\/\/simplestu.com\/index.php\/wp-json\/wp\/v2\/pages\/50","targetHints":{"allow":["GET"]}}],"collection":[{"href":"https:\/\/simplestu.com\/index.php\/wp-json\/wp\/v2\/pages"}],"about":[{"href":"https:\/\/simplestu.com\/index.php\/wp-json\/wp\/v2\/types\/page"}],"author":[{"embeddable":true,"href":"https:\/\/simplestu.com\/index.php\/wp-json\/wp\/v2\/users\/2"}],"replies":[{"embeddable":true,"href":"https:\/\/simplestu.com\/index.php\/wp-json\/wp\/v2\/comments?post=50"}],"version-history":[{"count":13,"href":"https:\/\/simplestu.com\/index.php\/wp-json\/wp\/v2\/pages\/50\/revisions"}],"predecessor-version":[{"id":465,"href":"https:\/\/simplestu.com\/index.php\/wp-json\/wp\/v2\/pages\/50\/revisions\/465"}],"wp:attachment":[{"href":"https:\/\/simplestu.com\/index.php\/wp-json\/wp\/v2\/media?parent=50"}],"curies":[{"name":"wp","href":"https:\/\/api.w.org\/{rel}","templated":true}]}}