{"id":46,"date":"2019-02-24T11:10:13","date_gmt":"2019-02-24T10:10:13","guid":{"rendered":"http:\/\/localhost\/simpleS\/?page_id=46"},"modified":"2019-08-08T20:44:19","modified_gmt":"2019-08-08T18:44:19","slug":"production","status":"publish","type":"page","link":"https:\/\/simplestu.com\/index.php\/production\/","title":{"rendered":"Production de films et s\u00e9ries"},"content":{"rendered":"\n<figure class=\"wp-block-image\"><img decoding=\"async\" src=\"https:\/\/simplestudio2d3d.com\/wp-content\/uploads\/2019\/08\/Couverture.png\" alt=\"\" class=\"wp-image-468\"\/><\/figure>\n\n\n\n<h4 class=\"wp-block-heading\">Films et s\u00e9ries<\/h4>\n\n\n\n<p>La production des films anim\u00e9s en 2 et 3 dimensions sont nos activit\u00e9s principales. Notre but est de produire des contenus destin\u00e9s au cin\u00e9ma et aux cha\u00eenes de t\u00e9l\u00e9vision.<\/p>\n\n\n\n<p>La vision qui nous anime est la cr\u00e9ation des contenus africains. Nous voulons exprimer la culture de l&rsquo;Afrique \u00e0 travers l&rsquo;art des images anim\u00e9es. L&rsquo;id\u00e9e est \u00e9galement de donner place aux jeunes de raconter leur propre histoire, conte, mythe, valeur&#8230; <\/p>\n\n\n\n<h4 class=\"wp-block-heading\">\n\nSpots publicitaires\n\n<\/h4>\n\n\n\n<p>Simple S ne manque pas de diversifier ses techniques pour satisfaire vos besoins sur tous les angles. Le spot publicitaire avec les dessins anim\u00e9s s\u2019ouvre \u00e0 vous. Communiquez de fa\u00e7on naturelle et captivez votre public comme vous&nbsp;&nbsp;l\u2019avez toujours r\u00eav\u00e9.<\/p>\n","protected":false},"excerpt":{"rendered":"<p>Films et s\u00e9ries La production des films anim\u00e9s en 2 et 3 dimensions sont nos activit\u00e9s principales. Notre but est de produire des contenus destin\u00e9s<\/p>\n","protected":false},"author":2,"featured_media":0,"parent":0,"menu_order":0,"comment_status":"closed","ping_status":"closed","template":"","meta":{"footnotes":""},"class_list":["post-46","page","type-page","status-publish","hentry"],"_links":{"self":[{"href":"https:\/\/simplestu.com\/index.php\/wp-json\/wp\/v2\/pages\/46","targetHints":{"allow":["GET"]}}],"collection":[{"href":"https:\/\/simplestu.com\/index.php\/wp-json\/wp\/v2\/pages"}],"about":[{"href":"https:\/\/simplestu.com\/index.php\/wp-json\/wp\/v2\/types\/page"}],"author":[{"embeddable":true,"href":"https:\/\/simplestu.com\/index.php\/wp-json\/wp\/v2\/users\/2"}],"replies":[{"embeddable":true,"href":"https:\/\/simplestu.com\/index.php\/wp-json\/wp\/v2\/comments?post=46"}],"version-history":[{"count":17,"href":"https:\/\/simplestu.com\/index.php\/wp-json\/wp\/v2\/pages\/46\/revisions"}],"predecessor-version":[{"id":472,"href":"https:\/\/simplestu.com\/index.php\/wp-json\/wp\/v2\/pages\/46\/revisions\/472"}],"wp:attachment":[{"href":"https:\/\/simplestu.com\/index.php\/wp-json\/wp\/v2\/media?parent=46"}],"curies":[{"name":"wp","href":"https:\/\/api.w.org\/{rel}","templated":true}]}}